{"id":4089,"date":"2014-09-18T09:50:36","date_gmt":"2014-09-18T09:50:36","guid":{"rendered":"http:\/\/demos.artbees.net\/jupiter\/metis\/?page_id=5"},"modified":"2024-10-16T21:27:31","modified_gmt":"2024-10-16T19:27:31","slug":"homepage-2","status":"publish","type":"page","link":"https:\/\/goldlegenden.de\/","title":{"rendered":"Homepage"},"content":{"rendered":"<section class=\"wpb-content-wrapper\">[vc_row css=&#8220;.vc_custom_1447591876714{margin-bottom: 0px !important;border-bottom-width: 0px !important;padding-top: 0px !important;padding-right: 0px !important;padding-bottom: 0px !important;padding-left: 0px !important;}&#8220;][vc_column][rev_slider_vc alias=&#8220;rev1&#8243;][\/vc_column][\/vc_row][mk_page_section layout_structure=&#8220;half_left&#8220; bg_image=&#8220;http:\/\/goldlegenden.de\/wp-content\/uploads\/2014\/09\/Gipsrelien-Worms-ViewTop-mit-instrumenten2.jpg&#8220; full_height=&#8220;true&#8220; padding_top=&#8220;0&#8243; padding_bottom=&#8220;0&#8243; skip_arrow=&#8220;true&#8220; section_id=&#8220;Rheingold&#8220; animation=&#8220;fade-in&#8220;][vc_column width=&#8220;5\/6&#8243;][vc_column_text disable_pattern=&#8220;false&#8220;]\n<p style=\"text-align: justify;\">Gold und Silber kommen in Deutschland nur sehr selten vor und werden kaum noch gef\u00f6rdert.<\/p>\n<p style=\"text-align: justify;\">Die Deutsche Rohstoff nutzt diese sehr raren Vorkommen und gewinnt die Edelmetalle in einem aufw\u00e4ndigen manuellen\u00a0Verfahren. Zusammen mit K\u00fcnstlern, und in handwerklich meisterhafter Arbeit, entstanden daraus einzigartige Anlageobjekte: Gold- und Silbermedaillen in streng limitierter Auflage.<\/p>\n<p style=\"text-align: justify;\">Im Jahre 2009 haben wir eine Medaille aus reinem Silber aus dem Odenwald herausgegeben. 2010 folgte unsere erste Rheingoldmedaille. Beide waren innerhalb k\u00fcrzester Zeit ausverkauft.<\/p>\n[\/vc_column_text][vc_column_text]Aufgrund der \u00fcberw\u00e4ltigenden Resonanz haben wir uns entschieden, eine neue Rheingoldmedaille zu pr\u00e4gen. Nat\u00fcrliches Gold, gewonnen aus dem Rhein, mit Motiven der sagenumwobenen Nibelungenstadt Worms, verleihen dieser Medaille einen au\u00dfergew\u00f6hnlichen Glanz und einen mystischen Reiz.[\/vc_column_text][mk_button dimension=&#8220;outline&#8220; url=&#8220;https:\/\/goldlegenden.de\/index.php\/portfolio-posts\/rheingoldmedaille-worms-mit-kapsel\/&#8220; align=&#8220;right&#8220; margin_top=&#8220;-0&#8243;]Bestellen[\/mk_button][\/vc_column][vc_column width=&#8220;1\/6&#8243;][\/vc_column][\/mk_page_section][vc_row][vc_column][mk_padding_divider size=&#8220;50&#8243;][vc_separator style=&#8220;dotted&#8220; border_width=&#8220;2&#8243;][mk_padding_divider size=&#8220;50&#8243;][\/vc_column][\/vc_row][mk_page_section full_width=&#8220;true&#8220; sidebar=&#8220;sidebar-1&#8243;][vc_column width=&#8220;1\/4&#8243;][mk_padding_divider size=&#8220;60&#8243;][mk_image src=&#8220;http:\/\/goldlegenden.de\/wp-content\/uploads\/2014\/09\/Waschpfanne-top-800-hight1.jpg&#8220; crop=&#8220;false&#8220;][\/vc_column][vc_column width=&#8220;2\/4&#8243;][mk_padding_divider size=&#8220;60&#8243;][vc_column_text disable_pattern=&#8220;false&#8220; align=&#8220;center&#8220;]\n<p style=\"text-align: justify;\">Es ist sehr aufw\u00e4ndig, das Gold aus dem Rhein zu gewinnen. Rheingold kommt im Flusssand nur\u00a0in sehr geringen Konzentrationen vor. Gro\u00dfe Nuggets gibt es nicht. Stattdessen findet man winzigste Goldflitter, die kleiner als einen Millimeter sind. Die kleinen Partikel zu gewinnen ist sehr viel schwieriger, als grobes und k\u00f6rniges Gold zu waschen.<\/p>\n<p style=\"text-align: justify;\">F\u00fcr\u00a0nur ein einziges Gramm Gold m\u00fcssen mindestens 300\u00a0Tonnen Sand und Kies gewaschen werden. Anf\u00e4nglich liegt das Gold noch nicht in reiner Form im Konzentrat vor, sondern ist vermischt mit vielen anderen schweren\u00a0und\u00a0meist typisch schwarzen Mineralen.<\/p>\n<p style=\"text-align: justify;\">Die Qualit\u00e4t dieses ersten Konzentrats kann variieren. Oft sind nur wenige Goldflitter darin\u00a0enthalten. Ein Konzentrat, wie auf den hier gezeigten Bildern, ist nur nach einer langwierigen W\u00e4sche erreichbar.<\/p>\n<p style=\"text-align: justify;\">Danach\u00a0schlie\u00dft sich eine weitere Reinigung an, denn bevor man das Gold\u00a0schmelzen und daraus Medaillen fertigen kann\u00a0m\u00fcssen die\u00a0unerw\u00fcnschten schwarzen Minerale entfernt werden.<\/p>\n[\/vc_column_text][\/vc_column][vc_column width=&#8220;1\/4&#8243;][mk_padding_divider size=&#8220;44&#8243;][mk_image src=&#8220;http:\/\/goldlegenden.de\/wp-content\/uploads\/2014\/09\/mineralsand_lupe_waage-800hight.jpg&#8220; crop=&#8220;false&#8220;][\/vc_column][\/mk_page_section][vc_row fullwidth=&#8220;true&#8220; css=&#8220;.vc_custom_1447678509235{padding-top: 0px !important;padding-right: 0px !important;padding-bottom: 0px !important;padding-left: 0px !important;}&#8220;][vc_column][vc_separator style=&#8220;dotted&#8220; border_width=&#8220;2&#8243;][mk_padding_divider size=&#8220;70&#8243;][mk_revslider id=&#8220;Coinparallax&#8220;][mk_padding_divider size=&#8220;114&#8243;][\/vc_column][\/vc_row][mk_page_section bg_color=&#8220;#ffffff&#8220; bg_position=&#8220;center bottom&#8220; bg_stretch=&#8220;true&#8220; min_height=&#8220;800&#8243; padding_top=&#8220;0&#8243; padding_bottom=&#8220;0&#8243; section_id=&#8220;Medaillen&#8220; sidebar=&#8220;sidebar-1&#8243;][vc_column][mk_fancy_title tag_name=&#8220;h3&#8243; color=&#8220;#492e00&#8243; size=&#8220;28&#8243; txt_transform=&#8220;uppercase&#8220; letter_spacing=&#8220;2&#8243; margin_top=&#8220;105&#8243; margin_bottom=&#8220;14&#8243; font_family=&#8220;none&#8220; align=&#8220;center&#8220;]Unsere Medaillen und Produkte[\/mk_fancy_title][mk_portfolio image_size=&#8220;full&#8220; meta_type=&#8220;date&#8220; zoom_icon=&#8220;false&#8220; count=&#8220;6&#8243; sortable=&#8220;false&#8220; orderby=&#8220;post__in&#8220; image_quality=&#8220;2&#8243; disable_excerpt=&#8220;false&#8220; disable_zoom_link=&#8220;false&#8220; posts=&#8220;4913, 350, 4714, 4743, 4831, 4493&#8243; author=&#8220;1&#8243; item_id=&#8220;1447686756-5649f264040bf&#8220;][mk_padding_divider size=&#8220;70&#8243;][mk_fancy_title tag_name=&#8220;h3&#8243; color=&#8220;#492e00&#8243; size=&#8220;28&#8243; txt_transform=&#8220;uppercase&#8220; letter_spacing=&#8220;2&#8243; margin_top=&#8220;69&#8243; margin_bottom=&#8220;10&#8243; font_family=&#8220;none&#8220; align=&#8220;center&#8220;]Der Medailleur bei der Arbeit[\/mk_fancy_title][\/vc_column][\/mk_page_section][mk_page_section bg_color=&#8220;#f2f2f2&#8243; attachment=&#8220;fixed&#8220; min_height=&#8220;148&#8243; padding_top=&#8220;13&#8243; sidebar=&#8220;sidebar-1&#8243;][vc_column][mk_gallery images=&#8220;4466,4467,4472,4469,4468,4470,4471,4582&#8243; column=&#8220;4&#8243; height=&#8220;211&#8243; hover_scenarios=&#8220;slow_zoom&#8220; margin_bottom=&#8220;13&#8243; orderby=&#8220;title&#8220; image_quality=&#8220;2&#8243; item_id=&#8220;1447673578-5649beeaeea07&#8243;][\/vc_column][\/mk_page_section][mk_page_section bg_color=&#8220;#f2f2f2&#8243; min_height=&#8220;360&#8243; padding_top=&#8220;100&#8243; padding_bottom=&#8220;0&#8243; section_id=&#8220;metis-ID-contact&#8220; sidebar=&#8220;sidebar-1&#8243;][vc_column][vc_row_inner attached=&#8220;true&#8220; padding=&#8220;1&#8243;][vc_column_inner width=&#8220;1\/3&#8243;][mk_font_icons icon=&#8220;mk-li-web&#8220; color=&#8220;#000000&#8243; size=&#8220;x-large&#8220; align=&#8220;left&#8220; padding_horizental=&#8220;0&#8243; padding_vertical=&#8220;5&#8243;][\/vc_column_inner][vc_column_inner width=&#8220;1\/3&#8243;][mk_font_icons icon=&#8220;mk-li-phone&#8220; color=&#8220;#000000&#8243; size=&#8220;x-large&#8220; align=&#8220;left&#8220; padding_horizental=&#8220;0&#8243; padding_vertical=&#8220;5&#8243;][\/vc_column_inner][vc_column_inner width=&#8220;1\/3&#8243;][mk_font_icons icon=&#8220;mk-icon-envelope&#8220; color=&#8220;#000000&#8243; size=&#8220;x-large&#8220; align=&#8220;left&#8220; padding_horizental=&#8220;0&#8243; padding_vertical=&#8220;5&#8243;][\/vc_column_inner][\/vc_row_inner][vc_row_inner][vc_column_inner width=&#8220;1\/3&#8243;][mk_fancy_title size=&#8220;20&#8243; font_family=&#8220;Oswald&#8220; font_type=&#8220;google&#8220;]WEB[\/mk_fancy_title][vc_column_text]www.goldlegenden.de[\/vc_column_text][\/vc_column_inner][vc_column_inner width=&#8220;1\/3&#8243;][mk_fancy_title size=&#8220;20&#8243; font_family=&#8220;Oswald&#8220; font_type=&#8220;google&#8220;]Telefon[\/mk_fancy_title][vc_column_text css=&#8220;.vc_custom_1729106745839{margin-bottom: 0px !important;}&#8220;]Tel: 0621 490 817 0[\/vc_column_text][\/vc_column_inner][vc_column_inner width=&#8220;1\/3&#8243;][mk_fancy_title size=&#8220;20&#8243; font_family=&#8220;Oswald&#8220; font_type=&#8220;google&#8220;]EMAIL[\/mk_fancy_title][vc_column_text]Allgemein: info@goldlegenden.de<br \/>\nBestellung: sales@goldlegenden.de[\/vc_column_text][\/vc_column_inner][\/vc_row_inner][\/vc_column][\/mk_page_section]\n<\/section>","protected":false},"excerpt":{"rendered":"<p>[vc_row css=&#8220;.vc_custom_1447591876714{margin-bottom: 0px !important;border-bottom-width: 0px !important;padding-top: 0px !important;padding-right: 0px !important;padding-bottom: 0px !important;padding-left: 0px !important;}&#8220;][vc_column][rev_slider_vc alias=&#8220;rev1&#8243;][\/vc_column][\/vc_row][mk_page_section layout_structure=&#8220;half_left&#8220; bg_image=&#8220;http:\/\/goldlegenden.de\/wp-content\/uploads\/2014\/09\/Gipsrelien-Worms-ViewTop-mit-instrumenten2.jpg&#8220; full_height=&#8220;true&#8220; padding_top=&#8220;0&#8243; padding_bottom=&#8220;0&#8243; skip_arrow=&#8220;true&#8220; section_id=&#8220;Rheingold&#8220; animation=&#8220;fade-in&#8220;][vc_column width=&#8220;5\/6&#8243;][vc_column_text disable_pattern=&#8220;false&#8220;] Gold und Silber kommen in Deutschland nur sehr selten vor und werden kaum noch gef\u00f6rdert. Die Deutsche Rohstoff nutzt diese sehr raren Vorkommen und gewinnt die Edelmetalle in einem aufw\u00e4ndigen [&hellip;]<\/p>\n","protected":false},"author":1,"featured_media":0,"parent":0,"menu_order":0,"comment_status":"open","ping_status":"open","template":"","meta":[],"_links":{"self":[{"href":"https:\/\/goldlegenden.de\/index.php\/wp-json\/wp\/v2\/pages\/4089"}],"collection":[{"href":"https:\/\/goldlegenden.de\/index.php\/wp-json\/wp\/v2\/pages"}],"about":[{"href":"https:\/\/goldlegenden.de\/index.php\/wp-json\/wp\/v2\/types\/page"}],"author":[{"embeddable":true,"href":"https:\/\/goldlegenden.de\/index.php\/wp-json\/wp\/v2\/users\/1"}],"replies":[{"embeddable":true,"href":"https:\/\/goldlegenden.de\/index.php\/wp-json\/wp\/v2\/comments?post=4089"}],"version-history":[{"count":387,"href":"https:\/\/goldlegenden.de\/index.php\/wp-json\/wp\/v2\/pages\/4089\/revisions"}],"predecessor-version":[{"id":4999,"href":"https:\/\/goldlegenden.de\/index.php\/wp-json\/wp\/v2\/pages\/4089\/revisions\/4999"}],"wp:attachment":[{"href":"https:\/\/goldlegenden.de\/index.php\/wp-json\/wp\/v2\/media?parent=4089"}],"curies":[{"name":"wp","href":"https:\/\/api.w.org\/{rel}","templated":true}]}}